{"id":11,"date":"2019-01-02T10:53:57","date_gmt":"2019-01-02T10:53:57","guid":{"rendered":"http:\/\/ld-wp.template-help.com\/wordpress_prod-22230\/v2\/?page_id=11"},"modified":"2023-05-08T07:46:08","modified_gmt":"2023-05-08T07:46:08","slug":"sobre","status":"publish","type":"page","link":"https:\/\/lrvadvogados.pt\/en\/sobre\/","title":{"rendered":"About"},"content":{"rendered":"<div data-elementor-type=\"wp-post\" data-elementor-id=\"11\" class=\"elementor elementor-11\" data-elementor-post-type=\"page\">\n\t\t\t\t\t\t<section class=\"elementor-section elementor-top-section elementor-element elementor-element-559b071 elementor-section-boxed elementor-section-height-default elementor-section-height-default\" data-id=\"559b071\" data-element_type=\"section\" data-e-type=\"section\">\n\t\t\t\t\t\t<div class=\"elementor-container elementor-column-gap-default\">\n\t\t\t\t\t<div class=\"elementor-column elementor-col-100 elementor-top-column elementor-element elementor-element-ff0439b\" data-id=\"ff0439b\" data-element_type=\"column\" data-e-type=\"column\">\n\t\t\t<div class=\"elementor-widget-wrap elementor-element-populated\">\n\t\t\t\t\t\t<div class=\"elementor-element elementor-element-d29fed1 elementor-widget elementor-widget-heading\" data-id=\"d29fed1\" data-element_type=\"widget\" data-e-type=\"widget\" data-widget_type=\"heading.default\">\n\t\t\t\t<div class=\"elementor-widget-container\">\n\t\t\t\t\t<h3 class=\"elementor-heading-title elementor-size-xxl\">About Us<\/h3>\t\t\t\t<\/div>\n\t\t\t\t<\/div>\n\t\t\t\t\t<\/div>\n\t\t<\/div>\n\t\t\t\t\t<\/div>\n\t\t<\/section>\n\t\t\t\t<section class=\"elementor-section elementor-top-section elementor-element elementor-element-43cb9f7 elementor-section-boxed elementor-section-height-default elementor-section-height-default\" data-id=\"43cb9f7\" data-element_type=\"section\" data-e-type=\"section\">\n\t\t\t\t\t\t<div class=\"elementor-container elementor-column-gap-default\">\n\t\t\t\t\t<div class=\"elementor-column elementor-col-100 elementor-top-column elementor-element elementor-element-7e71dbd\" data-id=\"7e71dbd\" data-element_type=\"column\" data-e-type=\"column\">\n\t\t\t<div class=\"elementor-widget-wrap elementor-element-populated\">\n\t\t\t\t\t\t<div class=\"elementor-element elementor-element-5723066 elementor-widget elementor-widget-text-editor\" data-id=\"5723066\" data-element_type=\"widget\" data-e-type=\"widget\" data-widget_type=\"text-editor.default\">\n\t\t\t\t<div class=\"elementor-widget-container\">\n\t\t\t\t\t\t\t\t\t<p>LRV Advogados acts, preferably, in the various areas of Public Law. Our professional activity is based on a set of values that strive to satisfy and safeguard the legally protected interests and rights of citizens and companies. We believe that our work must focus on the defense of fundamental rights, on the demand for the proper application of laws and on the constant improvement of the culture of democratic institutions.<\/p>\t\t\t\t\t\t\t\t<\/div>\n\t\t\t\t<\/div>\n\t\t\t\t\t<\/div>\n\t\t<\/div>\n\t\t\t\t\t<\/div>\n\t\t<\/section>\n\t\t\t\t<section class=\"elementor-section elementor-top-section elementor-element elementor-element-768351a elementor-section-boxed elementor-section-height-default elementor-section-height-default\" data-id=\"768351a\" data-element_type=\"section\" data-e-type=\"section\">\n\t\t\t\t\t\t<div class=\"elementor-container elementor-column-gap-default\">\n\t\t\t\t\t<div class=\"elementor-column elementor-col-100 elementor-top-column elementor-element elementor-element-f14629f\" data-id=\"f14629f\" data-element_type=\"column\" data-e-type=\"column\">\n\t\t\t<div class=\"elementor-widget-wrap elementor-element-populated\">\n\t\t\t\t\t\t<div class=\"elementor-element elementor-element-0e521b6 elementor-arrows-position-inside elementor-widget elementor-widget-image-carousel\" data-id=\"0e521b6\" data-element_type=\"widget\" data-e-type=\"widget\" data-settings=\"{&quot;slides_to_show&quot;:&quot;4&quot;,&quot;navigation&quot;:&quot;arrows&quot;,&quot;speed&quot;:400,&quot;slides_to_show_tablet&quot;:&quot;2&quot;,&quot;autoplay_speed&quot;:1000,&quot;autoplay&quot;:&quot;yes&quot;,&quot;pause_on_hover&quot;:&quot;yes&quot;,&quot;pause_on_interaction&quot;:&quot;yes&quot;,&quot;infinite&quot;:&quot;yes&quot;}\" data-widget_type=\"image-carousel.default\">\n\t\t\t\t<div class=\"elementor-widget-container\">\n\t\t\t\t\t\t\t<div class=\"elementor-image-carousel-wrapper swiper\" role=\"region\" aria-roledescription=\"carousel\" aria-label=\"Carrossel de imagens\" dir=\"ltr\">\n\t\t\t<div class=\"elementor-image-carousel swiper-wrapper swiper-image-stretch\" aria-live=\"off\">\n\t\t\t\t\t\t\t\t<div class=\"swiper-slide\" role=\"group\" aria-roledescription=\"slide\" aria-label=\"1 of 5\"><figure class=\"swiper-slide-inner\"><img decoding=\"async\" class=\"swiper-slide-image\" src=\"https:\/\/lrvadvogados.pt\/wp-content\/uploads\/2022\/08\/Porto-pb-27-scaled.jpg\" alt=\"Porto\" \/><\/figure><\/div><div class=\"swiper-slide\" role=\"group\" aria-roledescription=\"slide\" aria-label=\"2 of 5\"><figure class=\"swiper-slide-inner\"><img decoding=\"async\" class=\"swiper-slide-image\" src=\"https:\/\/lrvadvogados.pt\/wp-content\/uploads\/2022\/08\/Porto-pb-18-scaled.jpg\" alt=\"Porto\" \/><\/figure><\/div><div class=\"swiper-slide\" role=\"group\" aria-roledescription=\"slide\" aria-label=\"3 of 5\"><figure class=\"swiper-slide-inner\"><img decoding=\"async\" class=\"swiper-slide-image\" src=\"https:\/\/lrvadvogados.pt\/wp-content\/uploads\/2022\/08\/Porto-pb-11-scaled.jpg\" alt=\"Porto\" \/><\/figure><\/div><div class=\"swiper-slide\" role=\"group\" aria-roledescription=\"slide\" aria-label=\"4 of 5\"><figure class=\"swiper-slide-inner\"><img decoding=\"async\" class=\"swiper-slide-image\" src=\"https:\/\/lrvadvogados.pt\/wp-content\/uploads\/2022\/08\/Porto-pb-8-scaled.jpg\" alt=\"Porto\" \/><\/figure><\/div><div class=\"swiper-slide\" role=\"group\" aria-roledescription=\"slide\" aria-label=\"5 of 5\"><figure class=\"swiper-slide-inner\"><img decoding=\"async\" class=\"swiper-slide-image\" src=\"https:\/\/lrvadvogados.pt\/wp-content\/uploads\/2022\/08\/Rua-Vitor-Cordon-n-scaled.jpg\" alt=\"Rua Vitor Cordon\" \/><\/figure><\/div>\t\t\t<\/div>\n\t\t\t\t\t\t\t\t\t\t\t\t<div class=\"elementor-swiper-button elementor-swiper-button-prev\" role=\"button\" tabindex=\"0\">\n\t\t\t\t\t\t<i aria-hidden=\"true\" class=\"eicon-chevron-left\"><\/i>\t\t\t\t\t<\/div>\n\t\t\t\t\t<div class=\"elementor-swiper-button elementor-swiper-button-next\" role=\"button\" tabindex=\"0\">\n\t\t\t\t\t\t<i aria-hidden=\"true\" class=\"eicon-chevron-right\"><\/i>\t\t\t\t\t<\/div>\n\t\t\t\t\n\t\t\t\t\t\t\t\t\t<\/div>\n\t\t\t\t\t\t<\/div>\n\t\t\t\t<\/div>\n\t\t\t\t\t<\/div>\n\t\t<\/div>\n\t\t\t\t\t<\/div>\n\t\t<\/section>\n\t\t\t\t<section class=\"elementor-section elementor-top-section elementor-element elementor-element-0a70a8e elementor-section-boxed elementor-section-height-default elementor-section-height-default\" data-id=\"0a70a8e\" data-element_type=\"section\" data-e-type=\"section\">\n\t\t\t\t\t\t<div class=\"elementor-container elementor-column-gap-default\">\n\t\t\t\t\t<div class=\"elementor-column elementor-col-100 elementor-top-column elementor-element elementor-element-ab8d5fa\" data-id=\"ab8d5fa\" data-element_type=\"column\" data-e-type=\"column\">\n\t\t\t<div class=\"elementor-widget-wrap elementor-element-populated\">\n\t\t\t\t\t\t<div class=\"elementor-element elementor-element-2a0a0a1 elementor-invisible elementor-widget elementor-widget-text-editor\" data-id=\"2a0a0a1\" data-element_type=\"widget\" data-e-type=\"widget\" data-settings=\"{&quot;_animation&quot;:&quot;fadeInUp&quot;}\" data-widget_type=\"text-editor.default\">\n\t\t\t\t<div class=\"elementor-widget-container\">\n\t\t\t\t\t\t\t\t\t<blockquote><p style=\"text-align: left;\"><span style=\"color: #404040;\">LVR Advogados proved to be competent in its work and in the results thereof.<\/span><\/p><\/blockquote>\t\t\t\t\t\t\t\t<\/div>\n\t\t\t\t<\/div>\n\t\t\t\t\t<\/div>\n\t\t<\/div>\n\t\t\t\t\t<\/div>\n\t\t<\/section>\n\t\t\t\t<section class=\"elementor-section elementor-top-section elementor-element elementor-element-dfaf5f5 elementor-section-boxed elementor-section-height-default elementor-section-height-default\" data-id=\"dfaf5f5\" data-element_type=\"section\" data-e-type=\"section\" data-settings=\"{&quot;background_background&quot;:&quot;classic&quot;}\">\n\t\t\t\t\t\t<div class=\"elementor-container elementor-column-gap-default\">\n\t\t\t\t\t<div class=\"elementor-column elementor-col-50 elementor-top-column elementor-element elementor-element-9705e78\" data-id=\"9705e78\" data-element_type=\"column\" data-e-type=\"column\">\n\t\t\t<div class=\"elementor-widget-wrap elementor-element-populated\">\n\t\t\t\t\t\t<div class=\"elementor-element elementor-element-95d6f27 elementor-widget elementor-widget-text-editor\" data-id=\"95d6f27\" data-element_type=\"widget\" data-e-type=\"widget\" data-widget_type=\"text-editor.default\">\n\t\t\t\t<div class=\"elementor-widget-container\">\n\t\t\t\t\t\t\t\t\t<p>Located in the Historic Center of the City of Porto and Lisbon, the offices develop professional activity under the Profitable and Meritorious Coordination of the Lawyer <strong>Lu\u00edsa Ramalho Vilhena<\/strong>, que ingressou no curso de direito na Universidade de Coimbra.<\/p><p>It is, by recognition of its Peers, a law firm of reference, specialized in carrying out work developed in the Urban Rehabilitation Area in particular, with vast years of academic and professional experience acquired along the way.<\/p><p>Reconhecido o trabalho de simbiose criado com t\u00e9cnicos especializados no acompanhamento de processos camar\u00e1rios e de obra, \u00e9 articulado o conhecimento entre os seus v\u00e1rios intervenientes: Arquitectos, Engenheiros, Top\u00f3grafos, entre outros, com vista \u00e0 concretiza\u00e7\u00e3o c\u00e9lere e qualitativa de todos os Projectos mandatados.<\/p>\t\t\t\t\t\t\t\t<\/div>\n\t\t\t\t<\/div>\n\t\t\t\t\t<\/div>\n\t\t<\/div>\n\t\t\t\t<div class=\"elementor-column elementor-col-50 elementor-top-column elementor-element elementor-element-9a2b8d1\" data-id=\"9a2b8d1\" data-element_type=\"column\" data-e-type=\"column\">\n\t\t\t<div class=\"elementor-widget-wrap elementor-element-populated\">\n\t\t\t\t\t\t<div class=\"elementor-element elementor-element-d223389 elementor-widget elementor-widget-image\" data-id=\"d223389\" data-element_type=\"widget\" data-e-type=\"widget\" data-widget_type=\"image.default\">\n\t\t\t\t<div class=\"elementor-widget-container\">\n\t\t\t\t\t\t\t\t\t\t\t\t\t\t\t<img fetchpriority=\"high\" decoding=\"async\" width=\"2560\" height=\"1707\" src=\"https:\/\/lrvadvogados.pt\/wp-content\/uploads\/2022\/09\/44-scaled.jpg\" class=\"attachment-full size-full wp-image-1704\" alt=\"\" srcset=\"https:\/\/lrvadvogados.pt\/wp-content\/uploads\/2022\/09\/44-scaled.jpg 2560w, https:\/\/lrvadvogados.pt\/wp-content\/uploads\/2022\/09\/44-300x200.jpg 300w, https:\/\/lrvadvogados.pt\/wp-content\/uploads\/2022\/09\/44-1024x683.jpg 1024w, https:\/\/lrvadvogados.pt\/wp-content\/uploads\/2022\/09\/44-768x512.jpg 768w, https:\/\/lrvadvogados.pt\/wp-content\/uploads\/2022\/09\/44-1536x1024.jpg 1536w, https:\/\/lrvadvogados.pt\/wp-content\/uploads\/2022\/09\/44-2048x1366.jpg 2048w, https:\/\/lrvadvogados.pt\/wp-content\/uploads\/2022\/09\/44-600x400.jpg 600w\" sizes=\"(max-width: 2560px) 100vw, 2560px\" \/>\t\t\t\t\t\t\t\t\t\t\t\t\t\t\t<\/div>\n\t\t\t\t<\/div>\n\t\t\t\t\t<\/div>\n\t\t<\/div>\n\t\t\t\t\t<\/div>\n\t\t<\/section>\n\t\t\t\t<section class=\"elementor-section elementor-top-section elementor-element elementor-element-24d4773 elementor-section-boxed elementor-section-height-default elementor-section-height-default\" data-id=\"24d4773\" data-element_type=\"section\" data-e-type=\"section\">\n\t\t\t\t\t\t<div class=\"elementor-container elementor-column-gap-default\">\n\t\t\t\t\t<div class=\"elementor-column elementor-col-100 elementor-top-column elementor-element elementor-element-8b70900\" data-id=\"8b70900\" data-element_type=\"column\" data-e-type=\"column\">\n\t\t\t<div class=\"elementor-widget-wrap elementor-element-populated\">\n\t\t\t\t\t\t<div class=\"elementor-element elementor-element-2f38450 elementor-widget elementor-widget-heading\" data-id=\"2f38450\" data-element_type=\"widget\" data-e-type=\"widget\" data-widget_type=\"heading.default\">\n\t\t\t\t<div class=\"elementor-widget-container\">\n\t\t\t\t\t<h2 class=\"elementor-heading-title elementor-size-xl\">Testimonials<\/h2>\t\t\t\t<\/div>\n\t\t\t\t<\/div>\n\t\t\t\t\t<\/div>\n\t\t<\/div>\n\t\t\t\t\t<\/div>\n\t\t<\/section>\n\t\t\t\t<\/div>","protected":false},"excerpt":{"rendered":"<p>Sobre N\u00f3s A LRV Advogados actua, preferencialmente, nas v\u00e1rias \u00e1reas do Direito P\u00fablico. A nossa actividade profissional alicer\u00e7a-se num conjunto de valores que primam pela satisfa\u00e7\u00e3o e salvaguarda dos interesses e direitos legalmente protegidos dos cidad\u00e3os e empresas. Acreditamos que nosso trabalho deve apostar na defesa dos direitos fundamentais, na reivindica\u00e7\u00e3o pela boa aplica\u00e7\u00e3o das [&hellip;]<\/p>\n","protected":false},"author":1,"featured_media":0,"parent":0,"menu_order":0,"comment_status":"closed","ping_status":"closed","template":"page-templates\/fullwidth-content.php","meta":{"footnotes":""},"class_list":["post-11","page","type-page","status-publish","hentry"],"_links":{"self":[{"href":"https:\/\/lrvadvogados.pt\/en\/wp-json\/wp\/v2\/pages\/11","targetHints":{"allow":["GET"]}}],"collection":[{"href":"https:\/\/lrvadvogados.pt\/en\/wp-json\/wp\/v2\/pages"}],"about":[{"href":"https:\/\/lrvadvogados.pt\/en\/wp-json\/wp\/v2\/types\/page"}],"author":[{"embeddable":true,"href":"https:\/\/lrvadvogados.pt\/en\/wp-json\/wp\/v2\/users\/1"}],"replies":[{"embeddable":true,"href":"https:\/\/lrvadvogados.pt\/en\/wp-json\/wp\/v2\/comments?post=11"}],"version-history":[{"count":68,"href":"https:\/\/lrvadvogados.pt\/en\/wp-json\/wp\/v2\/pages\/11\/revisions"}],"predecessor-version":[{"id":2226,"href":"https:\/\/lrvadvogados.pt\/en\/wp-json\/wp\/v2\/pages\/11\/revisions\/2226"}],"wp:attachment":[{"href":"https:\/\/lrvadvogados.pt\/en\/wp-json\/wp\/v2\/media?parent=11"}],"curies":[{"name":"wp","href":"https:\/\/api.w.org\/{rel}","templated":true}]}}